{"id":1597,"date":"2023-03-22T14:26:17","date_gmt":"2023-03-22T14:26:17","guid":{"rendered":"https:\/\/conectcredi.com.br\/?page_id=1597"},"modified":"2023-03-24T20:14:52","modified_gmt":"2023-03-24T20:14:52","slug":"assessoria","status":"publish","type":"page","link":"https:\/\/conectcredi.com.br\/?page_id=1597","title":{"rendered":"Assessoria"},"content":{"rendered":"\t\t<div data-elementor-type=\"wp-page\" data-elementor-id=\"1597\" class=\"elementor elementor-1597\">\n\t\t\t\t\t\t\t<div class=\"elementor-element elementor-element-8f95ff6 e-con-full e-con\" data-id=\"8f95ff6\" data-element_type=\"container\" data-settings=\"{&quot;content_width&quot;:&quot;full&quot;,&quot;background_background&quot;:&quot;classic&quot;}\">\n\t\t<div class=\"elementor-element elementor-element-5367a4e elementor-hidden-mobile e-con-boxed e-con\" data-id=\"5367a4e\" data-element_type=\"container\" data-settings=\"{&quot;content_width&quot;:&quot;boxed&quot;}\">\n\t\t\t\t\t<div class=\"e-con-inner\">\n\t\t<div class=\"elementor-element elementor-element-adafea1 e-con-boxed e-con\" data-id=\"adafea1\" data-element_type=\"container\" data-settings=\"{&quot;content_width&quot;:&quot;boxed&quot;}\">\n\t\t\t\t\t<div class=\"e-con-inner\">\n\t\t\t\t<div class=\"elementor-element elementor-element-ef76e84 elementor-invisible elementor-widget elementor-widget-heading\" data-id=\"ef76e84\" data-element_type=\"widget\" data-settings=\"{&quot;_animation&quot;:&quot;bounceInLeft&quot;,&quot;_animation_delay&quot;:0}\" data-widget_type=\"heading.default\">\n\t\t\t\t<div class=\"elementor-widget-container\">\n\t\t\t<style>\/*! elementor - v3.11.3 - 07-03-2023 *\/\n.elementor-heading-title{padding:0;margin:0;line-height:1}.elementor-widget-heading .elementor-heading-title[class*=elementor-size-]>a{color:inherit;font-size:inherit;line-height:inherit}.elementor-widget-heading .elementor-heading-title.elementor-size-small{font-size:15px}.elementor-widget-heading .elementor-heading-title.elementor-size-medium{font-size:19px}.elementor-widget-heading .elementor-heading-title.elementor-size-large{font-size:29px}.elementor-widget-heading .elementor-heading-title.elementor-size-xl{font-size:39px}.elementor-widget-heading .elementor-heading-title.elementor-size-xxl{font-size:59px}<\/style><h5 class=\"elementor-heading-title elementor-size-default\">ASSESSORIA ESPECIALIZADA PARA O SEU CR\u00c9DITO IMOBILI\u00c1RIO<\/h5>\t\t<\/div>\n\t\t\t\t<\/div>\n\t\t\t\t<div class=\"elementor-element elementor-element-eed44cf elementor-invisible elementor-widget elementor-widget-heading\" data-id=\"eed44cf\" data-element_type=\"widget\" data-settings=\"{&quot;_animation&quot;:&quot;bounceInLeft&quot;}\" data-widget_type=\"heading.default\">\n\t\t\t\t<div class=\"elementor-widget-container\">\n\t\t\t<h4 class=\"elementor-heading-title elementor-size-default\">CONTE COM NOSSO APOIO PARA ENCONTRAR AS MELHORES OP\u00c7\u00d5ES DE FINANCIAMENTO<\/h4>\t\t<\/div>\n\t\t\t\t<\/div>\n\t\t\t\t<div class=\"elementor-element elementor-element-8766a03 elementor-invisible elementor-widget elementor-widget-heading\" data-id=\"8766a03\" data-element_type=\"widget\" data-settings=\"{&quot;_animation&quot;:&quot;bounceInLeft&quot;}\" data-widget_type=\"heading.default\">\n\t\t\t\t<div class=\"elementor-widget-container\">\n\t\t\t<p class=\"elementor-heading-title elementor-size-default\">Adquirir um im\u00f3vel \u00e9 uma das maiores conquistas na vida de uma pessoa. No entanto, muitas vezes, a busca por um financiamento imobili\u00e1rio pode ser complexa e desgastante, exigindo conhecimentos t\u00e9cnicos e informa\u00e7\u00f5es precisas sobre o mercado imobili\u00e1rio. \u00c9 por isso que oferecemos uma assessoria especializada em cr\u00e9dito imobili\u00e1rio, com o objetivo de simplificar o processo e ajud\u00e1-lo a encontrar as melhores op\u00e7\u00f5es de financiamento para o seu perfil.<\/p>\t\t<\/div>\n\t\t\t\t<\/div>\n\t\t\t\t\t<\/div>\n\t\t\t\t<\/div>\n\t\t<div class=\"elementor-element elementor-element-d4d51e9 e-con-boxed e-con\" data-id=\"d4d51e9\" data-element_type=\"container\" data-settings=\"{&quot;content_width&quot;:&quot;boxed&quot;}\">\n\t\t\t\t\t<div class=\"e-con-inner\">\n\t\t\t\t\t<\/div>\n\t\t\t\t<\/div>\n\t\t\t\t\t<\/div>\n\t\t\t\t<\/div>\n\t\t<div class=\"elementor-element elementor-element-39d3694 elementor-hidden-desktop elementor-hidden-tablet e-con-boxed e-con\" data-id=\"39d3694\" data-element_type=\"container\" data-settings=\"{&quot;content_width&quot;:&quot;boxed&quot;}\">\n\t\t\t\t\t<div class=\"e-con-inner\">\n\t\t<div class=\"elementor-element elementor-element-8d4c401 e-con-boxed e-con\" data-id=\"8d4c401\" data-element_type=\"container\" data-settings=\"{&quot;content_width&quot;:&quot;boxed&quot;}\">\n\t\t\t\t\t<div class=\"e-con-inner\">\n\t\t\t\t<div class=\"elementor-element elementor-element-d901eed elementor-invisible elementor-widget elementor-widget-heading\" data-id=\"d901eed\" data-element_type=\"widget\" data-settings=\"{&quot;_animation&quot;:&quot;bounceInLeft&quot;,&quot;_animation_delay&quot;:0}\" data-widget_type=\"heading.default\">\n\t\t\t\t<div class=\"elementor-widget-container\">\n\t\t\t<h5 class=\"elementor-heading-title elementor-size-default\">ASSESSORIA ESPECIALIZADA PARA O SEU CR\u00c9DITO IMOBILI\u00c1RIO<\/h5>\t\t<\/div>\n\t\t\t\t<\/div>\n\t\t\t\t<div class=\"elementor-element elementor-element-46c5b22 elementor-invisible elementor-widget elementor-widget-heading\" data-id=\"46c5b22\" data-element_type=\"widget\" data-settings=\"{&quot;_animation&quot;:&quot;bounceInLeft&quot;}\" data-widget_type=\"heading.default\">\n\t\t\t\t<div class=\"elementor-widget-container\">\n\t\t\t<h4 class=\"elementor-heading-title elementor-size-default\">CONTE COM NOSSO APOIO PARA ENCONTRAR AS MELHORES OP\u00c7\u00d5ES DE FINANCIAMENTO<\/h4>\t\t<\/div>\n\t\t\t\t<\/div>\n\t\t\t\t<div class=\"elementor-element elementor-element-04adcd3 elementor-invisible elementor-widget elementor-widget-heading\" data-id=\"04adcd3\" data-element_type=\"widget\" data-settings=\"{&quot;_animation&quot;:&quot;bounceInLeft&quot;}\" data-widget_type=\"heading.default\">\n\t\t\t\t<div class=\"elementor-widget-container\">\n\t\t\t<p class=\"elementor-heading-title elementor-size-default\">Adquirir um im\u00f3vel \u00e9 uma das maiores conquistas na vida de uma pessoa. No entanto, muitas vezes, a busca por um financiamento imobili\u00e1rio pode ser complexa e desgastante, exigindo conhecimentos t\u00e9cnicos e informa\u00e7\u00f5es precisas sobre o mercado imobili\u00e1rio. \u00c9 por isso que oferecemos uma assessoria especializada em cr\u00e9dito imobili\u00e1rio, com o objetivo de simplificar o processo e ajud\u00e1-lo a encontrar as melhores op\u00e7\u00f5es de financiamento para o seu perfil.<\/p>\t\t<\/div>\n\t\t\t\t<\/div>\n\t\t\t\t\t<\/div>\n\t\t\t\t<\/div>\n\t\t<div class=\"elementor-element elementor-element-3de506f e-con-boxed e-con\" data-id=\"3de506f\" data-element_type=\"container\" data-settings=\"{&quot;content_width&quot;:&quot;boxed&quot;}\">\n\t\t\t\t\t<div class=\"e-con-inner\">\n\t\t\t\t\t<\/div>\n\t\t\t\t<\/div>\n\t\t\t\t\t<\/div>\n\t\t\t\t<\/div>\n\t\t\t\t<\/div>\n\t\t<div class=\"elementor-element elementor-element-47ec60b e-con-boxed e-con\" data-id=\"47ec60b\" data-element_type=\"container\" data-settings=\"{&quot;content_width&quot;:&quot;boxed&quot;}\">\n\t\t\t\t\t<div class=\"e-con-inner\">\n\t\t\t\t<div class=\"elementor-element elementor-element-8c0bd77 elementor-widget elementor-widget-spacer\" data-id=\"8c0bd77\" data-element_type=\"widget\" data-widget_type=\"spacer.default\">\n\t\t\t\t<div class=\"elementor-widget-container\">\n\t\t\t<style>\/*! elementor - v3.11.3 - 07-03-2023 *\/\n.elementor-column .elementor-spacer-inner{height:var(--spacer-size)}.e-con{--container-widget-width:100%}.e-con-inner>.elementor-widget-spacer,.e-con>.elementor-widget-spacer{width:var(--container-widget-width,var(--spacer-size));--align-self:var(--container-widget-align-self,initial);--flex-shrink:0}.e-con-inner>.elementor-widget-spacer>.elementor-widget-container,.e-con-inner>.elementor-widget-spacer>.elementor-widget-container>.elementor-spacer,.e-con>.elementor-widget-spacer>.elementor-widget-container,.e-con>.elementor-widget-spacer>.elementor-widget-container>.elementor-spacer{height:100%}.e-con-inner>.elementor-widget-spacer>.elementor-widget-container>.elementor-spacer>.elementor-spacer-inner,.e-con>.elementor-widget-spacer>.elementor-widget-container>.elementor-spacer>.elementor-spacer-inner{height:var(--container-widget-height,var(--spacer-size))}<\/style>\t\t<div class=\"elementor-spacer\">\n\t\t\t<div class=\"elementor-spacer-inner\"><\/div>\n\t\t<\/div>\n\t\t\t\t<\/div>\n\t\t\t\t<\/div>\n\t\t\t\t\t<\/div>\n\t\t\t\t<\/div>\n\t\t<div class=\"elementor-element elementor-element-7adcaef e-con-boxed e-con\" data-id=\"7adcaef\" data-element_type=\"container\" data-settings=\"{&quot;content_width&quot;:&quot;boxed&quot;}\">\n\t\t\t\t\t<div class=\"e-con-inner\">\n\t\t\t\t<div class=\"elementor-element elementor-element-4fb8f41 animated-slow elementor-invisible elementor-widget elementor-widget-heading\" data-id=\"4fb8f41\" data-element_type=\"widget\" data-settings=\"{&quot;_animation&quot;:&quot;bounceInLeft&quot;}\" data-widget_type=\"heading.default\">\n\t\t\t\t<div class=\"elementor-widget-container\">\n\t\t\t<h3 class=\"elementor-heading-title elementor-size-default\">Assessoria de Cr\u00e9dito Imobili\u00e1rio<\/h3>\t\t<\/div>\n\t\t\t\t<\/div>\n\t\t\t\t\t<\/div>\n\t\t\t\t<\/div>\n\t\t<div class=\"elementor-element elementor-element-c2ca460 e-con-boxed e-con\" data-id=\"c2ca460\" data-element_type=\"container\" data-settings=\"{&quot;content_width&quot;:&quot;boxed&quot;}\">\n\t\t\t\t\t<div class=\"e-con-inner\">\n\t\t\t\t<div class=\"elementor-element elementor-element-a03879f elementor-widget-divider--view-line elementor-widget elementor-widget-divider\" data-id=\"a03879f\" data-element_type=\"widget\" data-widget_type=\"divider.default\">\n\t\t\t\t<div class=\"elementor-widget-container\">\n\t\t\t<style>\/*! elementor - v3.11.3 - 07-03-2023 *\/\n.elementor-widget-divider{--divider-border-style:none;--divider-border-width:1px;--divider-color:#2c2c2c;--divider-icon-size:20px;--divider-element-spacing:10px;--divider-pattern-height:24px;--divider-pattern-size:20px;--divider-pattern-url:none;--divider-pattern-repeat:repeat-x}.elementor-widget-divider .elementor-divider{display:flex}.elementor-widget-divider .elementor-divider__text{font-size:15px;line-height:1;max-width:95%}.elementor-widget-divider .elementor-divider__element{margin:0 var(--divider-element-spacing);flex-shrink:0}.elementor-widget-divider .elementor-icon{font-size:var(--divider-icon-size)}.elementor-widget-divider .elementor-divider-separator{display:flex;margin:0;direction:ltr}.elementor-widget-divider--view-line_icon .elementor-divider-separator,.elementor-widget-divider--view-line_text .elementor-divider-separator{align-items:center}.elementor-widget-divider--view-line_icon .elementor-divider-separator:after,.elementor-widget-divider--view-line_icon .elementor-divider-separator:before,.elementor-widget-divider--view-line_text .elementor-divider-separator:after,.elementor-widget-divider--view-line_text .elementor-divider-separator:before{display:block;content:\"\";border-bottom:0;flex-grow:1;border-top:var(--divider-border-width) var(--divider-border-style) var(--divider-color)}.elementor-widget-divider--element-align-left .elementor-divider .elementor-divider-separator>.elementor-divider__svg:first-of-type{flex-grow:0;flex-shrink:100}.elementor-widget-divider--element-align-left .elementor-divider-separator:before{content:none}.elementor-widget-divider--element-align-left .elementor-divider__element{margin-left:0}.elementor-widget-divider--element-align-right .elementor-divider .elementor-divider-separator>.elementor-divider__svg:last-of-type{flex-grow:0;flex-shrink:100}.elementor-widget-divider--element-align-right .elementor-divider-separator:after{content:none}.elementor-widget-divider--element-align-right .elementor-divider__element{margin-right:0}.elementor-widget-divider:not(.elementor-widget-divider--view-line_text):not(.elementor-widget-divider--view-line_icon) .elementor-divider-separator{border-top:var(--divider-border-width) var(--divider-border-style) var(--divider-color)}.elementor-widget-divider--separator-type-pattern{--divider-border-style:none}.elementor-widget-divider--separator-type-pattern.elementor-widget-divider--view-line .elementor-divider-separator,.elementor-widget-divider--separator-type-pattern:not(.elementor-widget-divider--view-line) .elementor-divider-separator:after,.elementor-widget-divider--separator-type-pattern:not(.elementor-widget-divider--view-line) .elementor-divider-separator:before,.elementor-widget-divider--separator-type-pattern:not([class*=elementor-widget-divider--view]) .elementor-divider-separator{width:100%;min-height:var(--divider-pattern-height);-webkit-mask-size:var(--divider-pattern-size) 100%;mask-size:var(--divider-pattern-size) 100%;-webkit-mask-repeat:var(--divider-pattern-repeat);mask-repeat:var(--divider-pattern-repeat);background-color:var(--divider-color);-webkit-mask-image:var(--divider-pattern-url);mask-image:var(--divider-pattern-url)}.elementor-widget-divider--no-spacing{--divider-pattern-size:auto}.elementor-widget-divider--bg-round{--divider-pattern-repeat:round}.rtl .elementor-widget-divider .elementor-divider__text{direction:rtl}.e-con-inner>.elementor-widget-divider,.e-con>.elementor-widget-divider{width:var(--container-widget-width,100%);--flex-grow:var(--container-widget-flex-grow)}<\/style>\t\t<div class=\"elementor-divider\">\n\t\t\t<span class=\"elementor-divider-separator\">\n\t\t\t\t\t\t<\/span>\n\t\t<\/div>\n\t\t\t\t<\/div>\n\t\t\t\t<\/div>\n\t\t\t\t\t<\/div>\n\t\t\t\t<\/div>\n\t\t<div class=\"elementor-element elementor-element-7682bc4 e-con-boxed e-con\" data-id=\"7682bc4\" data-element_type=\"container\" data-settings=\"{&quot;content_width&quot;:&quot;boxed&quot;}\">\n\t\t\t\t\t<div class=\"e-con-inner\">\n\t\t<div class=\"elementor-element elementor-element-469bb80 e-con-boxed e-con\" data-id=\"469bb80\" data-element_type=\"container\" data-settings=\"{&quot;content_width&quot;:&quot;boxed&quot;}\">\n\t\t\t\t\t<div class=\"e-con-inner\">\n\t\t\t\t<div class=\"elementor-element elementor-element-8db1032 elementor-invisible elementor-widget elementor-widget-heading\" data-id=\"8db1032\" data-element_type=\"widget\" data-settings=\"{&quot;_animation&quot;:&quot;bounce&quot;}\" data-widget_type=\"heading.default\">\n\t\t\t\t<div class=\"elementor-widget-container\">\n\t\t\t<span class=\"elementor-heading-title elementor-size-default\">Nossa equipe de especialistas em cr\u00e9dito imobili\u00e1rio trabalha para analisar suas necessidades e objetivos financeiros, e oferecer as melhores solu\u00e7\u00f5es para a aquisi\u00e7\u00e3o do im\u00f3vel dos seus sonhos. Fazemos uma an\u00e1lise detalhada do seu perfil financeiro e ajudamos a encontrar o financiamento mais adequado, com as melhores taxas de juros e prazos de pagamento.<br><br>\n\nAl\u00e9m disso, oferecemos suporte completo em todas as etapas do processo de aquisi\u00e7\u00e3o do im\u00f3vel. Nossa assessoria de cr\u00e9dito imobili\u00e1rio inclui servi\u00e7os como an\u00e1lise de documenta\u00e7\u00e3o, negocia\u00e7\u00e3o com institui\u00e7\u00f5es financeiras e orienta\u00e7\u00e3o sobre o processo de compra.<\/span>\t\t<\/div>\n\t\t\t\t<\/div>\n\t\t\t\t\t<\/div>\n\t\t\t\t<\/div>\n\t\t<div class=\"elementor-element elementor-element-5798b5c e-con-boxed e-con\" data-id=\"5798b5c\" data-element_type=\"container\" data-settings=\"{&quot;content_width&quot;:&quot;boxed&quot;}\">\n\t\t\t\t\t<div class=\"e-con-inner\">\n\t\t\t\t<div class=\"elementor-element elementor-element-7830c03 elementor-invisible elementor-widget elementor-widget-heading\" data-id=\"7830c03\" data-element_type=\"widget\" data-settings=\"{&quot;_animation&quot;:&quot;bounce&quot;}\" data-widget_type=\"heading.default\">\n\t\t\t\t<div class=\"elementor-widget-container\">\n\t\t\t<span class=\"elementor-heading-title elementor-size-default\">Com nossa assessoria de cr\u00e9dito imobili\u00e1rio, oferecemos servi\u00e7os personalizados para cada cliente, levando em considera\u00e7\u00e3o suas necessidades e objetivos. Nossa equipe de profissionais altamente qualificados est\u00e1 pronta para oferecer orienta\u00e7\u00f5es em todas as etapas do processo.\n<br><br>\nTamb\u00e9m temos parcerias com diversas institui\u00e7\u00f5es financeiras e podemos ajudar nossos clientes a encontrar as melhores condi\u00e7\u00f5es de cr\u00e9dito, com juros baixos e prazos flex\u00edveis de pagamento. Com a nossa assessoria, voc\u00ea pode ter a seguran\u00e7a de que estar\u00e1 fazendo um bom neg\u00f3cio e realizando o sonho da casa pr\u00f3pria da maneira mais adequada.<\/span>\t\t<\/div>\n\t\t\t\t<\/div>\n\t\t\t\t\t<\/div>\n\t\t\t\t<\/div>\n\t\t\t\t\t<\/div>\n\t\t\t\t<\/div>\n\t\t\t\t\t\t\t<\/div>\n\t\t","protected":false},"excerpt":{"rendered":"<p>ASSESSORIA ESPECIALIZADA PARA O SEU CR\u00c9DITO IMOBILI\u00c1RIO CONTE COM NOSSO APOIO PARA ENCONTRAR AS MELHORES OP\u00c7\u00d5ES DE FINANCIAMENTO Adquirir um im\u00f3vel \u00e9 uma das maiores conquistas na vida de uma pessoa. No entanto, muitas vezes, a busca por um financiamento imobili\u00e1rio pode ser complexa e desgastante, exigindo conhecimentos t\u00e9cnicos e informa\u00e7\u00f5es precisas sobre o mercado imobili\u00e1rio. \u00c9 por isso que oferecemos uma assessoria especializada em cr\u00e9dito imobili\u00e1rio, com o objetivo de simplificar o processo e ajud\u00e1-lo a encontrar as melhores op\u00e7\u00f5es de financiamento para o seu perfil. ASSESSORIA ESPECIALIZADA PARA O SEU CR\u00c9DITO IMOBILI\u00c1RIO CONTE COM NOSSO APOIO PARA ENCONTRAR\u2026<\/p>\n","protected":false},"author":1,"featured_media":0,"parent":0,"menu_order":0,"comment_status":"closed","ping_status":"closed","template":"","meta":{"footnotes":""},"class_list":["post-1597","page","type-page","status-publish","hentry"],"blocksy_meta":"","_links":{"self":[{"href":"https:\/\/conectcredi.com.br\/index.php?rest_route=\/wp\/v2\/pages\/1597","targetHints":{"allow":["GET"]}}],"collection":[{"href":"https:\/\/conectcredi.com.br\/index.php?rest_route=\/wp\/v2\/pages"}],"about":[{"href":"https:\/\/conectcredi.com.br\/index.php?rest_route=\/wp\/v2\/types\/page"}],"author":[{"embeddable":true,"href":"https:\/\/conectcredi.com.br\/index.php?rest_route=\/wp\/v2\/users\/1"}],"replies":[{"embeddable":true,"href":"https:\/\/conectcredi.com.br\/index.php?rest_route=%2Fwp%2Fv2%2Fcomments&post=1597"}],"version-history":[{"count":40,"href":"https:\/\/conectcredi.com.br\/index.php?rest_route=\/wp\/v2\/pages\/1597\/revisions"}],"predecessor-version":[{"id":1751,"href":"https:\/\/conectcredi.com.br\/index.php?rest_route=\/wp\/v2\/pages\/1597\/revisions\/1751"}],"wp:attachment":[{"href":"https:\/\/conectcredi.com.br\/index.php?rest_route=%2Fwp%2Fv2%2Fmedia&parent=1597"}],"curies":[{"name":"wp","href":"https:\/\/api.w.org\/{rel}","templated":true}]}}